{"id":18244,"date":"2025-08-25T13:26:55","date_gmt":"2025-08-25T11:26:55","guid":{"rendered":"https:\/\/marinaresortbenidorm.com\/?page_id=18244"},"modified":"2025-08-25T13:28:27","modified_gmt":"2025-08-25T11:28:27","slug":"empleo","status":"publish","type":"page","link":"https:\/\/marinaresortbenidorm.com\/es\/empleo\/","title":{"rendered":"Empleo"},"content":{"rendered":"\t\t<div data-elementor-type=\"wp-page\" data-elementor-id=\"18244\" class=\"elementor elementor-18244\" data-elementor-post-type=\"page\">\n\t\t\t\t\t\t<section class=\"elementor-section elementor-top-section elementor-element elementor-element-45a20c93 elementor-section-full_width qodef-custom-fs-section elementor-section-height-default elementor-section-height-default qodef-elementor-content-no qodef-elementor-stretch-row-no qodef-elementor-overlay-no\" data-id=\"45a20c93\" data-element_type=\"section\">\n\t\t\t\t\t\t<div class=\"elementor-container elementor-column-gap-default\">\n\t\t\t\t\t<div class=\"elementor-column elementor-col-100 elementor-top-column elementor-element elementor-element-586e8945 qodef--distorted-text-parent\" data-id=\"586e8945\" data-element_type=\"column\">\n\t\t\t<div class=\"elementor-widget-wrap elementor-element-populated\">\n\t\t\t\t\t\t<section class=\"elementor-section elementor-inner-section elementor-element elementor-element-32231d40 elementor-section-full_width elementor-section-height-default elementor-section-height-default qodef-elementor-content-no qodef-elementor-stretch-row-no qodef-elementor-overlay-no\" data-id=\"32231d40\" data-element_type=\"section\" id=\"sectionLiveTop\">\n\t\t\t\t\t\t<div class=\"elementor-container elementor-column-gap-default\">\n\t\t\t\t\t<div class=\"elementor-column elementor-col-100 elementor-inner-column elementor-element elementor-element-3c59d235\" data-id=\"3c59d235\" data-element_type=\"column\">\n\t\t\t<div class=\"elementor-widget-wrap elementor-element-populated\">\n\t\t\t\t\t\t<div class=\"elementor-element elementor-element-2d58024b elementor-widget__width-initial elementor-widget-mobile__width-inherit elementor-widget-tablet__width-inherit elementor-widget elementor-widget-zermatt_core_custom_font\" data-id=\"2d58024b\" data-element_type=\"widget\" data-widget_type=\"zermatt_core_custom_font.default\">\n\t\t\t\t<div class=\"elementor-widget-container\">\n\t\t\t\t\t<p class=\"qodef-shortcode qodef-m  qodef-custom-font qodef-custom-font-1 qodef-layout--simple \" style=\"color: #000000;font-family: dm sans;font-size: 17px;line-height: 25px;letter-spacing: 0px;font-weight: 400\">\n\tDesigned for Adults\t<\/p>\t\t\t\t<\/div>\n\t\t\t\t<\/div>\n\t\t\t\t\t<\/div>\n\t\t<\/div>\n\t\t\t\t\t<\/div>\n\t\t<\/section>\n\t\t\t\t<section class=\"elementor-section elementor-inner-section elementor-element elementor-element-6fd9ade8 elementor-section-full_width elementor-hidden-mobile elementor-section-height-min-height elementor-section-content-bottom qodef-scrol-down-holder elementor-hidden-desktop elementor-hidden-tablet elementor-section-height-default qodef-elementor-content-no qodef-elementor-stretch-row-no qodef-elementor-overlay-no\" data-id=\"6fd9ade8\" data-element_type=\"section\">\n\t\t\t\t\t\t<div class=\"elementor-container elementor-column-gap-default\">\n\t\t\t\t\t<div class=\"elementor-column elementor-col-100 elementor-inner-column elementor-element elementor-element-414ffde5\" data-id=\"414ffde5\" data-element_type=\"column\">\n\t\t\t<div class=\"elementor-widget-wrap\">\n\t\t\t\t\t\t\t<\/div>\n\t\t<\/div>\n\t\t\t\t\t<\/div>\n\t\t<\/section>\n\t\t\t\t<section class=\"elementor-section elementor-inner-section elementor-element elementor-element-67b11d26 elementor-section-full_width elementor-hidden-mobile elementor-section-height-min-height elementor-section-content-bottom qodef-scrol-down-holder elementor-section-height-default qodef-elementor-content-no qodef-elementor-stretch-row-no qodef-elementor-overlay-no\" data-id=\"67b11d26\" data-element_type=\"section\" id=\"miraiBooking\">\n\t\t\t\t\t\t<div class=\"elementor-container elementor-column-gap-default\">\n\t\t\t\t\t<div class=\"elementor-column elementor-col-100 elementor-inner-column elementor-element elementor-element-47f6cf1d\" data-id=\"47f6cf1d\" data-element_type=\"column\">\n\t\t\t<div class=\"elementor-widget-wrap\">\n\t\t\t\t\t\t\t<\/div>\n\t\t<\/div>\n\t\t\t\t\t<\/div>\n\t\t<\/section>\n\t\t<div class=\"elementor-element elementor-element-5c623efd e-con-full selector-fechas e-flex e-con e-parent\" data-id=\"5c623efd\" data-element_type=\"container\">\n\t\t\t\t<div class=\"elementor-element elementor-element-32562319 elementor-widget elementor-widget-template\" data-id=\"32562319\" data-element_type=\"widget\" data-widget_type=\"template.default\">\n\t\t\t\t<div class=\"elementor-widget-container\">\n\t\t\t\t\t\t\t<div class=\"elementor-template\">\n\t\t\t\t\t<div data-elementor-type=\"section\" data-elementor-id=\"14980\" class=\"elementor elementor-14980 elementor-14959\" data-elementor-post-type=\"elementor_library\">\n\t\t\t<div class=\"elementor-element elementor-element-8534694 elementor-hidden-mobile elementor-hidden-tablet e-flex e-con-boxed e-con e-parent\" data-id=\"8534694\" data-element_type=\"container\" data-settings=\"{&quot;background_background&quot;:&quot;classic&quot;}\">\n\t\t\t\t\t<div class=\"e-con-inner\">\n\t\t\t\t<div class=\"elementor-element elementor-element-1e3bf85 elementor-widget__width-auto elementor-widget elementor-widget-Mirai_Finder\" data-id=\"1e3bf85\" data-element_type=\"widget\" data-widget_type=\"Mirai_Finder.default\">\n\t\t\t\t<div class=\"elementor-widget-container\">\n\t\t\t\t\t <div data-mirai-component=\"finder\"><\/div>\t\t\t\t<\/div>\n\t\t\t\t<\/div>\n\t\t\t\t\t<\/div>\n\t\t\t\t<\/div>\n\t\t<div class=\"elementor-element elementor-element-f07f005 elementor-hidden-desktop e-flex e-con-boxed e-con e-parent\" data-id=\"f07f005\" data-element_type=\"container\" data-settings=\"{&quot;background_background&quot;:&quot;classic&quot;}\">\n\t\t\t\t\t<div class=\"e-con-inner\">\n\t\t\t\t<div class=\"elementor-element elementor-element-f2b410b elementor-widget elementor-widget-Mirai_Finder\" data-id=\"f2b410b\" data-element_type=\"widget\" data-widget_type=\"Mirai_Finder.default\">\n\t\t\t\t<div class=\"elementor-widget-container\">\n\t\t\t\t\t <div data-mirai-component=\"finder\"><\/div>\t\t\t\t<\/div>\n\t\t\t\t<\/div>\n\t\t\t\t\t<\/div>\n\t\t\t\t<\/div>\n\t\t\t\t<\/div>\n\t\t\t\t<\/div>\n\t\t\t\t\t\t<\/div>\n\t\t\t\t<\/div>\n\t\t\t\t<\/div>\n\t\t\t\t\t<\/div>\n\t\t<\/div>\n\t\t\t\t\t<\/div>\n\t\t<\/section>\n\t\t\t\t<section class=\"elementor-section elementor-top-section elementor-element elementor-element-912a350 boxTitulo elementor-section-boxed elementor-section-height-default elementor-section-height-default qodef-elementor-content-no qodef-elementor-stretch-row-no qodef-elementor-overlay-no\" data-id=\"912a350\" data-element_type=\"section\">\n\t\t\t\t\t\t<div class=\"elementor-container elementor-column-gap-default\">\n\t\t\t\t\t<div class=\"elementor-column elementor-col-100 elementor-top-column elementor-element elementor-element-c79266d\" data-id=\"c79266d\" data-element_type=\"column\">\n\t\t\t<div class=\"elementor-widget-wrap elementor-element-populated\">\n\t\t\t\t\t\t<div class=\"elementor-element elementor-element-d15e4b0 elementor-widget elementor-widget-heading\" data-id=\"d15e4b0\" data-element_type=\"widget\" data-widget_type=\"heading.default\">\n\t\t\t\t<div class=\"elementor-widget-container\">\n\t\t\t\t\t<h1 class=\"elementor-heading-title elementor-size-default\">Trabaja con nosotros \u2014 \u00danete al VIBE<\/h1>\t\t\t\t<\/div>\n\t\t\t\t<\/div>\n\t\t\t\t<div class=\"elementor-element elementor-element-82729db elementor-widget elementor-widget-text-editor\" data-id=\"82729db\" data-element_type=\"widget\" data-widget_type=\"text-editor.default\">\n\t\t\t\t<div class=\"elementor-widget-container\">\n\t\t\t\t\t\t\t\t\t<p>En Marina Resort Benidorm no solo tenemos un hotel, tenemos un estilo de vida. Aqu\u00ed la energ\u00eda nunca para, la m\u00fasica nunca baja y la sonrisa es parte del uniforme. \u00bfQuieres formar parte de un equipo din\u00e1mico, creativo y lleno de buen rollo?<\/p><p>Si te apasiona el mundo de la hosteler\u00eda, el turismo y las experiencias \u00fanicas, este es tu lugar. D\u00e9janos tus datos, cu\u00e9ntanos qui\u00e9n eres y adjunta tu curr\u00edculum.<\/p><p>Porque en Marina Resort Benidorm, cada talento suma y cada persona aporta al #TheOriginalBenidormVIBE.<\/p>\t\t\t\t\t\t\t\t<\/div>\n\t\t\t\t<\/div>\n\t\t\t\t<div class=\"elementor-element elementor-element-7d924e1 elementor-widget elementor-widget-shortcode\" data-id=\"7d924e1\" data-element_type=\"widget\" data-widget_type=\"shortcode.default\">\n\t\t\t\t<div class=\"elementor-widget-container\">\n\t\t\t\t\t\t\t<div class=\"elementor-shortcode\">\n<div class=\"wpcf7 no-js\" id=\"wpcf7-f18240-o1\" lang=\"es-ES\" dir=\"ltr\" data-wpcf7-id=\"18240\">\n<div class=\"screen-reader-response\"><p role=\"status\" aria-live=\"polite\" aria-atomic=\"true\"><\/p> <ul><\/ul><\/div>\n<form action=\"\/es\/wp-json\/wp\/v2\/pages\/18244#wpcf7-f18240-o1\" method=\"post\" class=\"wpcf7-form init\" aria-label=\"Formulario de contacto\" enctype=\"multipart\/form-data\" novalidate=\"novalidate\" data-status=\"init\">\n<div style=\"display: none;\">\n<input type=\"hidden\" name=\"_wpcf7\" value=\"18240\" \/>\n<input type=\"hidden\" name=\"_wpcf7_version\" value=\"6.0.6\" \/>\n<input type=\"hidden\" name=\"_wpcf7_locale\" value=\"es_ES\" \/>\n<input type=\"hidden\" name=\"_wpcf7_unit_tag\" value=\"wpcf7-f18240-o1\" \/>\n<input type=\"hidden\" name=\"_wpcf7_container_post\" value=\"0\" \/>\n<input type=\"hidden\" name=\"_wpcf7_posted_data_hash\" value=\"\" \/>\n<\/div>\n<div class=\"qodef-grid qodef-layout--columns qodef-col-num--2 formu-empleo\">\n<div class=\"qodef-grid-inner clear\">\n<div class=\"qodef-grid-item\">\n<label> Nombre y apellidos *\n    <span class=\"wpcf7-form-control-wrap\" data-name=\"nombre\"><input size=\"40\" maxlength=\"400\" class=\"wpcf7-form-control wpcf7-text wpcf7-validates-as-required\" autocomplete=\"name\" aria-required=\"true\" aria-invalid=\"false\" value=\"\" type=\"text\" name=\"nombre\" \/><\/span> <\/label>\n<\/div>\n<div class=\"qodef-grid-item\">\n<label> Tel\u00e9fono\n    <span class=\"wpcf7-form-control-wrap\" data-name=\"telefono\"><input size=\"40\" maxlength=\"400\" class=\"wpcf7-form-control wpcf7-tel wpcf7-text wpcf7-validates-as-tel\" aria-invalid=\"false\" value=\"\" type=\"tel\" name=\"telefono\" \/><\/span><\/label>\n<\/div>\n<\/div>\n<div class=\"qodef-grid-inner clear\">\n<div class=\"qodef-grid-item\">\n<label> Email *\n    <span class=\"wpcf7-form-control-wrap\" data-name=\"email\"><input size=\"40\" maxlength=\"400\" class=\"wpcf7-form-control wpcf7-email wpcf7-validates-as-required wpcf7-text wpcf7-validates-as-email\" autocomplete=\"email\" aria-required=\"true\" aria-invalid=\"false\" value=\"\" type=\"email\" name=\"email\" \/><\/span> <\/label>\n<\/div>\n<div class=\"qodef-grid-item\">\n<label>\u00bfQu\u00e9 departamento te interesa?\n     <span class=\"wpcf7-form-control-wrap\" data-name=\"departamento\"><select class=\"wpcf7-form-control wpcf7-select\" aria-invalid=\"false\" name=\"departamento\"><option value=\"Bares\">Bares<\/option><option value=\"Limpieza\">Limpieza<\/option><option value=\"Cocina\">Cocina<\/option><option value=\"Reservas\">Reservas<\/option><option value=\"Comunicaci\u00f3n\">Comunicaci\u00f3n<\/option><option value=\"Administraci\u00f3n\">Administraci\u00f3n<\/option><option value=\"Recepci\u00f3n\">Recepci\u00f3n<\/option><option value=\"Servicio T\u00e9cnico\">Servicio T\u00e9cnico<\/option><option value=\"Direcci\u00f3n\">Direcci\u00f3n<\/option><\/select><\/span> <\/label>\n<\/div>\n<\/div>\n<\/div>\n<div class=\"qodef-grid qodef-layout--columns qodef-col-num--1\">\n<div class=\"qodef-grid-inner\">\n<div class=\"qodef-grid-item\">\n<label>Adjuntar curr\u00edculum<\/label>\n     <span class=\"wpcf7-form-control-wrap\" data-name=\"file\"><input size=\"40\" class=\"wpcf7-form-control wpcf7-file\" accept=\".pdf,.txt,.zip\" aria-invalid=\"false\" type=\"file\" name=\"file\" \/><\/span>\n<\/div>\n<\/div>\n<\/div>\n<div class=\"qodef-grid qodef-layout--columns qodef-col-num--1\">\n<div class=\"qodef-grid-inner\">\n<div class=\"qodef-grid-item\">\n<label> Comentarios\n    <span class=\"wpcf7-form-control-wrap\" data-name=\"comentarios\"><textarea cols=\"40\" rows=\"10\" maxlength=\"2000\" class=\"wpcf7-form-control wpcf7-textarea\" aria-invalid=\"false\" name=\"comentarios\"><\/textarea><\/span> <\/label>\n<\/div>\n<\/div>\n<\/div>\n<div class=\"qodef-grid qodef-layout--columns qodef-col-num--1\">\n<div class=\"qodef-grid-inner\">\n<div class=\"qodef-grid-item\">\n<p>Informaci\u00f3n b\u00e1sica en protecci\u00f3n de datos. Conforme al RGPD y la LOPDGDD, GESTI\u00d3N HOTELERA LA MARINA S.L. tratar\u00e1 los datos facilitados, con la finalidad de contestar las dudas y\/o quejas planteadas a trav\u00e9s del presente formulario y facilitar la informaci\u00f3n solicitada. Siempre que nos lo autorice previamente, enviaremos informaci\u00f3n relacionada con los servicios ofrecidos. Podr\u00e1 ejercer, si lo desea, los derechos de acceso, rectificaci\u00f3n, supresi\u00f3n, y dem\u00e1s reconocidos en la normativa mencionada. Para obtener m\u00e1s informaci\u00f3n acerca de c\u00f3mo estamos tratando sus datos, acceda a nuestra pol\u00edtica de privacidad.<\/p>\n\n<span class=\"wpcf7-form-control-wrap\" data-name=\"acceptance-972\"><span class=\"wpcf7-form-control wpcf7-acceptance\"><span class=\"wpcf7-list-item\"><label><input type=\"checkbox\" name=\"acceptance-972\" value=\"1\" aria-invalid=\"false\" \/><span class=\"wpcf7-list-item-label\">Entiendo y Acepto el tratamiento de mis datos tal y como se describe anteriormente y se explica con mayor detalle en la Pol\u00edtica de Privacidad. Su negativa a facilitarnos la autorizaci\u00f3n implicar\u00e1 la imposibilidad de tratar sus datos con la finalidad indicada.<\/span><\/label><\/span><\/span><\/span>\n<span class=\"wpcf7-form-control-wrap\" data-name=\"acceptance-463\"><span class=\"wpcf7-form-control wpcf7-acceptance\"><span class=\"wpcf7-list-item\"><label><input type=\"checkbox\" name=\"acceptance-463\" value=\"1\" aria-invalid=\"false\" \/><span class=\"wpcf7-list-item-label\">Entiendo y Acepto recibir informaci\u00f3n en los t\u00e9rminos arriba indicados sobre los servicios. Su negativa a facilitarnos la autorizaci\u00f3n implicar\u00e1 la imposibilidad de enviarle informaci\u00f3n comercial o laboral por parte de la entidad.<\/span><\/label><\/span><\/span><\/span>\n<\/div>\n<\/div>\n<\/div>\n\n<button class=\"wpcf7-form-control wpcf7-submit qodef-button qodef-size--normal qodef-type--filled qodef-m\" type=\"submit\"><span class=\"qodef-m-text-holder\"><span class=\"qodef-m-text\">ENVIAR<\/span><\/span><\/button><div class=\"wpcf7-response-output\" aria-hidden=\"true\"><\/div>\n<\/form>\n<\/div>\n<\/div>\n\t\t\t\t\t\t<\/div>\n\t\t\t\t<\/div>\n\t\t\t\t\t<\/div>\n\t\t<\/div>\n\t\t\t\t\t<\/div>\n\t\t<\/section>\n\t\t\t\t<\/div>\n\t\t","protected":false},"excerpt":{"rendered":"<p>Designed for Adults Trabaja con nosotros \u2014 \u00danete al VIBE En Marina Resort Benidorm no solo tenemos un hotel, tenemos un estilo de vida. Aqu\u00ed la energ\u00eda nunca para, la m\u00fasica nunca baja y la sonrisa es parte del uniforme. \u00bfQuieres formar parte de un equipo din\u00e1mico, creativo y lleno de buen rollo? Si te [&hellip;]<\/p>\n","protected":false},"author":5,"featured_media":0,"parent":0,"menu_order":0,"comment_status":"closed","ping_status":"closed","template":"","meta":{"_joinchat":[],"footnotes":""},"class_list":["post-18244","page","type-page","status-publish","hentry"],"yoast_head":"<!-- This site is optimized with the Yoast SEO plugin v25.3.1 - https:\/\/yoast.com\/wordpress\/plugins\/seo\/ -->\n<title>Empleo - Marina Resort Benidorm<\/title>\n<meta name=\"description\" content=\"Empleo - Marina Resort Benidorm\" \/>\n<meta name=\"robots\" content=\"noindex, nofollow\" \/>\n<meta property=\"og:locale\" content=\"es_ES\" \/>\n<meta property=\"og:type\" content=\"article\" \/>\n<meta property=\"og:title\" content=\"Empleo - Marina Resort Benidorm\" \/>\n<meta property=\"og:description\" content=\"Empleo - Marina Resort Benidorm\" \/>\n<meta property=\"og:url\" content=\"https:\/\/marinaresortbenidorm.com\/es\/empleo\/\" \/>\n<meta property=\"og:site_name\" content=\"Marina Resort Benidorm\" \/>\n<meta property=\"article:modified_time\" content=\"2025-08-25T11:28:27+00:00\" \/>\n<meta name=\"twitter:card\" content=\"summary_large_image\" \/>\n<meta name=\"twitter:label1\" content=\"Tiempo de lectura\" \/>\n\t<meta name=\"twitter:data1\" content=\"1 minuto\" \/>\n<script type=\"application\/ld+json\" class=\"yoast-schema-graph\">{\"@context\":\"https:\/\/schema.org\",\"@graph\":[{\"@type\":\"WebPage\",\"@id\":\"https:\/\/marinaresortbenidorm.com\/es\/empleo\/\",\"url\":\"https:\/\/marinaresortbenidorm.com\/es\/empleo\/\",\"name\":\"Empleo - Marina Resort Benidorm\",\"isPartOf\":{\"@id\":\"https:\/\/marinaresortbenidorm.com\/es\/#website\"},\"datePublished\":\"2025-08-25T11:26:55+00:00\",\"dateModified\":\"2025-08-25T11:28:27+00:00\",\"description\":\"Empleo - Marina Resort Benidorm\",\"breadcrumb\":{\"@id\":\"https:\/\/marinaresortbenidorm.com\/es\/empleo\/#breadcrumb\"},\"inLanguage\":\"es\",\"potentialAction\":[{\"@type\":\"ReadAction\",\"target\":[\"https:\/\/marinaresortbenidorm.com\/es\/empleo\/\"]}]},{\"@type\":\"BreadcrumbList\",\"@id\":\"https:\/\/marinaresortbenidorm.com\/es\/empleo\/#breadcrumb\",\"itemListElement\":[{\"@type\":\"ListItem\",\"position\":1,\"name\":\"Portada\",\"item\":\"https:\/\/marinaresortbenidorm.com\/es\/\"},{\"@type\":\"ListItem\",\"position\":2,\"name\":\"Empleo\"}]},{\"@type\":\"WebSite\",\"@id\":\"https:\/\/marinaresortbenidorm.com\/es\/#website\",\"url\":\"https:\/\/marinaresortbenidorm.com\/es\/\",\"name\":\"Marina Resort Benidorm\",\"description\":\"Marina Resort Benidorm\",\"publisher\":{\"@id\":\"https:\/\/marinaresortbenidorm.com\/es\/#organization\"},\"potentialAction\":[{\"@type\":\"SearchAction\",\"target\":{\"@type\":\"EntryPoint\",\"urlTemplate\":\"https:\/\/marinaresortbenidorm.com\/es\/?s={search_term_string}\"},\"query-input\":{\"@type\":\"PropertyValueSpecification\",\"valueRequired\":true,\"valueName\":\"search_term_string\"}}],\"inLanguage\":\"es\"},{\"@type\":\"Organization\",\"@id\":\"https:\/\/marinaresortbenidorm.com\/es\/#organization\",\"name\":\"Marina Resort Benidorm\",\"url\":\"https:\/\/marinaresortbenidorm.com\/es\/\",\"logo\":{\"@type\":\"ImageObject\",\"inLanguage\":\"es\",\"@id\":\"https:\/\/marinaresortbenidorm.com\/es\/#\/schema\/logo\/image\/\",\"url\":\"https:\/\/marinaresortbenidorm.com\/wp-content\/uploads\/2024\/10\/marina-resort-logo.png\",\"contentUrl\":\"https:\/\/marinaresortbenidorm.com\/wp-content\/uploads\/2024\/10\/marina-resort-logo.png\",\"width\":300,\"height\":287,\"caption\":\"Marina Resort Benidorm\"},\"image\":{\"@id\":\"https:\/\/marinaresortbenidorm.com\/es\/#\/schema\/logo\/image\/\"}}]}<\/script>\n<!-- \/ Yoast SEO plugin. -->","yoast_head_json":{"title":"Empleo - Marina Resort Benidorm","description":"Empleo - Marina Resort Benidorm","robots":{"index":"noindex","follow":"nofollow"},"og_locale":"es_ES","og_type":"article","og_title":"Empleo - Marina Resort Benidorm","og_description":"Empleo - Marina Resort Benidorm","og_url":"https:\/\/marinaresortbenidorm.com\/es\/empleo\/","og_site_name":"Marina Resort Benidorm","article_modified_time":"2025-08-25T11:28:27+00:00","twitter_card":"summary_large_image","twitter_misc":{"Tiempo de lectura":"1 minuto"},"schema":{"@context":"https:\/\/schema.org","@graph":[{"@type":"WebPage","@id":"https:\/\/marinaresortbenidorm.com\/es\/empleo\/","url":"https:\/\/marinaresortbenidorm.com\/es\/empleo\/","name":"Empleo - Marina Resort Benidorm","isPartOf":{"@id":"https:\/\/marinaresortbenidorm.com\/es\/#website"},"datePublished":"2025-08-25T11:26:55+00:00","dateModified":"2025-08-25T11:28:27+00:00","description":"Empleo - Marina Resort Benidorm","breadcrumb":{"@id":"https:\/\/marinaresortbenidorm.com\/es\/empleo\/#breadcrumb"},"inLanguage":"es","potentialAction":[{"@type":"ReadAction","target":["https:\/\/marinaresortbenidorm.com\/es\/empleo\/"]}]},{"@type":"BreadcrumbList","@id":"https:\/\/marinaresortbenidorm.com\/es\/empleo\/#breadcrumb","itemListElement":[{"@type":"ListItem","position":1,"name":"Portada","item":"https:\/\/marinaresortbenidorm.com\/es\/"},{"@type":"ListItem","position":2,"name":"Empleo"}]},{"@type":"WebSite","@id":"https:\/\/marinaresortbenidorm.com\/es\/#website","url":"https:\/\/marinaresortbenidorm.com\/es\/","name":"Marina Resort Benidorm","description":"Marina Resort Benidorm","publisher":{"@id":"https:\/\/marinaresortbenidorm.com\/es\/#organization"},"potentialAction":[{"@type":"SearchAction","target":{"@type":"EntryPoint","urlTemplate":"https:\/\/marinaresortbenidorm.com\/es\/?s={search_term_string}"},"query-input":{"@type":"PropertyValueSpecification","valueRequired":true,"valueName":"search_term_string"}}],"inLanguage":"es"},{"@type":"Organization","@id":"https:\/\/marinaresortbenidorm.com\/es\/#organization","name":"Marina Resort Benidorm","url":"https:\/\/marinaresortbenidorm.com\/es\/","logo":{"@type":"ImageObject","inLanguage":"es","@id":"https:\/\/marinaresortbenidorm.com\/es\/#\/schema\/logo\/image\/","url":"https:\/\/marinaresortbenidorm.com\/wp-content\/uploads\/2024\/10\/marina-resort-logo.png","contentUrl":"https:\/\/marinaresortbenidorm.com\/wp-content\/uploads\/2024\/10\/marina-resort-logo.png","width":300,"height":287,"caption":"Marina Resort Benidorm"},"image":{"@id":"https:\/\/marinaresortbenidorm.com\/es\/#\/schema\/logo\/image\/"}}]}},"_links":{"self":[{"href":"https:\/\/marinaresortbenidorm.com\/es\/wp-json\/wp\/v2\/pages\/18244"}],"collection":[{"href":"https:\/\/marinaresortbenidorm.com\/es\/wp-json\/wp\/v2\/pages"}],"about":[{"href":"https:\/\/marinaresortbenidorm.com\/es\/wp-json\/wp\/v2\/types\/page"}],"author":[{"embeddable":true,"href":"https:\/\/marinaresortbenidorm.com\/es\/wp-json\/wp\/v2\/users\/5"}],"replies":[{"embeddable":true,"href":"https:\/\/marinaresortbenidorm.com\/es\/wp-json\/wp\/v2\/comments?post=18244"}],"version-history":[{"count":10,"href":"https:\/\/marinaresortbenidorm.com\/es\/wp-json\/wp\/v2\/pages\/18244\/revisions"}],"predecessor-version":[{"id":18254,"href":"https:\/\/marinaresortbenidorm.com\/es\/wp-json\/wp\/v2\/pages\/18244\/revisions\/18254"}],"wp:attachment":[{"href":"https:\/\/marinaresortbenidorm.com\/es\/wp-json\/wp\/v2\/media?parent=18244"}],"curies":[{"name":"wp","href":"https:\/\/api.w.org\/{rel}","templated":true}]}}