{"id":15240,"date":"2025-01-28T12:44:38","date_gmt":"2025-01-28T11:44:38","guid":{"rendered":"https:\/\/marinaresortbenidorm.com\/sorteos\/"},"modified":"2025-05-12T11:47:22","modified_gmt":"2025-05-12T09:47:22","slug":"sorteos","status":"publish","type":"page","link":"https:\/\/marinaresortbenidorm.com\/es\/sorteos\/","title":{"rendered":"Sorteos"},"content":{"rendered":"\t\t<div data-elementor-type=\"wp-page\" data-elementor-id=\"15240\" class=\"elementor elementor-15240 elementor-15224\" data-elementor-post-type=\"page\">\n\t\t\t\t<div class=\"elementor-element elementor-element-4c7ea81 e-flex e-con-boxed e-con e-parent\" data-id=\"4c7ea81\" data-element_type=\"container\">\n\t\t\t\t\t<div class=\"e-con-inner\">\n\t\t\t\t<div class=\"elementor-element elementor-element-2ebfbf1 elementor-widget elementor-widget-heading\" data-id=\"2ebfbf1\" data-element_type=\"widget\" data-widget_type=\"heading.default\">\n\t\t\t\t<div class=\"elementor-widget-container\">\n\t\t\t\t\t<h1 class=\"elementor-heading-title elementor-size-default\">\u00a1Compartir el vibe, tiene premio!<\/h1>\t\t\t\t<\/div>\n\t\t\t\t<\/div>\n\t\t\t\t<div class=\"elementor-element elementor-element-16f8569 elementor-widget elementor-widget-text-editor\" data-id=\"16f8569\" data-element_type=\"widget\" data-widget_type=\"text-editor.default\">\n\t\t\t\t<div class=\"elementor-widget-container\">\n\t\t\t\t\t\t\t\t\t<p>Comparta su experiencia en <strong>Trip Advisor<\/strong> con otros viajeros y participe en el SORTEO de una estancia de 2 noches.<\/p><p>Tu opini\u00f3n es nuestra mejor herramienta de mejora.<\/p>\t\t\t\t\t\t\t\t<\/div>\n\t\t\t\t<\/div>\n\t\t\t\t<div class=\"elementor-element elementor-element-26a0ee2 elementor-widget elementor-widget-text-editor\" data-id=\"26a0ee2\" data-element_type=\"widget\" data-widget_type=\"text-editor.default\">\n\t\t\t\t<div class=\"elementor-widget-container\">\n\t\t\t\t\t\t\t\t\t<p><strong>Bases del sorteo:<\/strong><\/p><p>Se realizar\u00e1 un sorteo mediante al App Sortea2.com donde se incluir\u00e1 a todos los participantes.<\/p><p>Para participar debes: alojarte en el hotel Marina Resort Benidorm y publicar una rese\u00f1a en el perfil de TripAdvisor del propio hotel.<\/p><p>Se incluir\u00e1n las rese\u00f1as publicadas desde el 01\/02\/2025 al 30\/06\/2025.<\/p><p>El premio consta de una estancia de 2 noches, en Alojamiento y Desayuno, en tipo de habitaci\u00f3n Joy. Para disfrutar del 10\/10\/2025 al 20\/12\/2025. <\/p><p>El premio es personal e intransferible.<\/p>\t\t\t\t\t\t\t\t<\/div>\n\t\t\t\t<\/div>\n\t\t\t\t\t<\/div>\n\t\t\t\t<\/div>\n\t\t\t\t<\/div>\n\t\t","protected":false},"excerpt":{"rendered":"<p>\u00a1Compartir el vibe, tiene premio! Comparta su experiencia en Trip Advisor con otros viajeros y participe en el SORTEO de una estancia de 2 noches. Tu opini\u00f3n es nuestra mejor herramienta de mejora. Bases del sorteo: Se realizar\u00e1 un sorteo mediante al App Sortea2.com donde se incluir\u00e1 a todos los participantes. Para participar debes: alojarte [&hellip;]<\/p>\n","protected":false},"author":2,"featured_media":0,"parent":0,"menu_order":0,"comment_status":"closed","ping_status":"closed","template":"","meta":{"_joinchat":[],"footnotes":""},"class_list":["post-15240","page","type-page","status-publish","hentry"],"yoast_head":"<!-- This site is optimized with the Yoast SEO plugin v25.3.1 - https:\/\/yoast.com\/wordpress\/plugins\/seo\/ -->\n<title>Sorteos - Marina Resort Benidorm<\/title>\n<meta name=\"description\" content=\"Sorteos - Marina Resort Benidorm\" \/>\n<meta name=\"robots\" content=\"index, follow, max-snippet:-1, max-image-preview:large, max-video-preview:-1\" \/>\n<link rel=\"canonical\" href=\"https:\/\/marinaresortbenidorm.com\/es\/sorteos\/\" \/>\n<meta property=\"og:locale\" content=\"es_ES\" \/>\n<meta property=\"og:type\" content=\"article\" \/>\n<meta property=\"og:title\" content=\"Sorteos - Marina Resort Benidorm\" \/>\n<meta property=\"og:description\" content=\"Sorteos - Marina Resort Benidorm\" \/>\n<meta property=\"og:url\" content=\"https:\/\/marinaresortbenidorm.com\/es\/sorteos\/\" \/>\n<meta property=\"og:site_name\" content=\"Marina Resort Benidorm\" \/>\n<meta property=\"article:modified_time\" content=\"2025-05-12T09:47:22+00:00\" \/>\n<meta name=\"twitter:card\" content=\"summary_large_image\" \/>\n<meta name=\"twitter:label1\" content=\"Tiempo de lectura\" \/>\n\t<meta name=\"twitter:data1\" content=\"1 minuto\" \/>\n<script type=\"application\/ld+json\" class=\"yoast-schema-graph\">{\"@context\":\"https:\/\/schema.org\",\"@graph\":[{\"@type\":\"WebPage\",\"@id\":\"https:\/\/marinaresortbenidorm.com\/es\/sorteos\/\",\"url\":\"https:\/\/marinaresortbenidorm.com\/es\/sorteos\/\",\"name\":\"Sorteos - Marina Resort Benidorm\",\"isPartOf\":{\"@id\":\"https:\/\/marinaresortbenidorm.com\/es\/#website\"},\"datePublished\":\"2025-01-28T11:44:38+00:00\",\"dateModified\":\"2025-05-12T09:47:22+00:00\",\"description\":\"Sorteos - Marina Resort Benidorm\",\"breadcrumb\":{\"@id\":\"https:\/\/marinaresortbenidorm.com\/es\/sorteos\/#breadcrumb\"},\"inLanguage\":\"es\",\"potentialAction\":[{\"@type\":\"ReadAction\",\"target\":[\"https:\/\/marinaresortbenidorm.com\/es\/sorteos\/\"]}]},{\"@type\":\"BreadcrumbList\",\"@id\":\"https:\/\/marinaresortbenidorm.com\/es\/sorteos\/#breadcrumb\",\"itemListElement\":[{\"@type\":\"ListItem\",\"position\":1,\"name\":\"Portada\",\"item\":\"https:\/\/marinaresortbenidorm.com\/es\/\"},{\"@type\":\"ListItem\",\"position\":2,\"name\":\"Sorteos\"}]},{\"@type\":\"WebSite\",\"@id\":\"https:\/\/marinaresortbenidorm.com\/es\/#website\",\"url\":\"https:\/\/marinaresortbenidorm.com\/es\/\",\"name\":\"Marina Resort Benidorm\",\"description\":\"Marina Resort Benidorm\",\"publisher\":{\"@id\":\"https:\/\/marinaresortbenidorm.com\/es\/#organization\"},\"potentialAction\":[{\"@type\":\"SearchAction\",\"target\":{\"@type\":\"EntryPoint\",\"urlTemplate\":\"https:\/\/marinaresortbenidorm.com\/es\/?s={search_term_string}\"},\"query-input\":{\"@type\":\"PropertyValueSpecification\",\"valueRequired\":true,\"valueName\":\"search_term_string\"}}],\"inLanguage\":\"es\"},{\"@type\":\"Organization\",\"@id\":\"https:\/\/marinaresortbenidorm.com\/es\/#organization\",\"name\":\"Marina Resort Benidorm\",\"url\":\"https:\/\/marinaresortbenidorm.com\/es\/\",\"logo\":{\"@type\":\"ImageObject\",\"inLanguage\":\"es\",\"@id\":\"https:\/\/marinaresortbenidorm.com\/es\/#\/schema\/logo\/image\/\",\"url\":\"https:\/\/marinaresortbenidorm.com\/wp-content\/uploads\/2024\/10\/marina-resort-logo.png\",\"contentUrl\":\"https:\/\/marinaresortbenidorm.com\/wp-content\/uploads\/2024\/10\/marina-resort-logo.png\",\"width\":300,\"height\":287,\"caption\":\"Marina Resort Benidorm\"},\"image\":{\"@id\":\"https:\/\/marinaresortbenidorm.com\/es\/#\/schema\/logo\/image\/\"}}]}<\/script>\n<!-- \/ Yoast SEO plugin. -->","yoast_head_json":{"title":"Sorteos - Marina Resort Benidorm","description":"Sorteos - Marina Resort Benidorm","robots":{"index":"index","follow":"follow","max-snippet":"max-snippet:-1","max-image-preview":"max-image-preview:large","max-video-preview":"max-video-preview:-1"},"canonical":"https:\/\/marinaresortbenidorm.com\/es\/sorteos\/","og_locale":"es_ES","og_type":"article","og_title":"Sorteos - Marina Resort Benidorm","og_description":"Sorteos - Marina Resort Benidorm","og_url":"https:\/\/marinaresortbenidorm.com\/es\/sorteos\/","og_site_name":"Marina Resort Benidorm","article_modified_time":"2025-05-12T09:47:22+00:00","twitter_card":"summary_large_image","twitter_misc":{"Tiempo de lectura":"1 minuto"},"schema":{"@context":"https:\/\/schema.org","@graph":[{"@type":"WebPage","@id":"https:\/\/marinaresortbenidorm.com\/es\/sorteos\/","url":"https:\/\/marinaresortbenidorm.com\/es\/sorteos\/","name":"Sorteos - Marina Resort Benidorm","isPartOf":{"@id":"https:\/\/marinaresortbenidorm.com\/es\/#website"},"datePublished":"2025-01-28T11:44:38+00:00","dateModified":"2025-05-12T09:47:22+00:00","description":"Sorteos - Marina Resort Benidorm","breadcrumb":{"@id":"https:\/\/marinaresortbenidorm.com\/es\/sorteos\/#breadcrumb"},"inLanguage":"es","potentialAction":[{"@type":"ReadAction","target":["https:\/\/marinaresortbenidorm.com\/es\/sorteos\/"]}]},{"@type":"BreadcrumbList","@id":"https:\/\/marinaresortbenidorm.com\/es\/sorteos\/#breadcrumb","itemListElement":[{"@type":"ListItem","position":1,"name":"Portada","item":"https:\/\/marinaresortbenidorm.com\/es\/"},{"@type":"ListItem","position":2,"name":"Sorteos"}]},{"@type":"WebSite","@id":"https:\/\/marinaresortbenidorm.com\/es\/#website","url":"https:\/\/marinaresortbenidorm.com\/es\/","name":"Marina Resort Benidorm","description":"Marina Resort Benidorm","publisher":{"@id":"https:\/\/marinaresortbenidorm.com\/es\/#organization"},"potentialAction":[{"@type":"SearchAction","target":{"@type":"EntryPoint","urlTemplate":"https:\/\/marinaresortbenidorm.com\/es\/?s={search_term_string}"},"query-input":{"@type":"PropertyValueSpecification","valueRequired":true,"valueName":"search_term_string"}}],"inLanguage":"es"},{"@type":"Organization","@id":"https:\/\/marinaresortbenidorm.com\/es\/#organization","name":"Marina Resort Benidorm","url":"https:\/\/marinaresortbenidorm.com\/es\/","logo":{"@type":"ImageObject","inLanguage":"es","@id":"https:\/\/marinaresortbenidorm.com\/es\/#\/schema\/logo\/image\/","url":"https:\/\/marinaresortbenidorm.com\/wp-content\/uploads\/2024\/10\/marina-resort-logo.png","contentUrl":"https:\/\/marinaresortbenidorm.com\/wp-content\/uploads\/2024\/10\/marina-resort-logo.png","width":300,"height":287,"caption":"Marina Resort Benidorm"},"image":{"@id":"https:\/\/marinaresortbenidorm.com\/es\/#\/schema\/logo\/image\/"}}]}},"_links":{"self":[{"href":"https:\/\/marinaresortbenidorm.com\/es\/wp-json\/wp\/v2\/pages\/15240"}],"collection":[{"href":"https:\/\/marinaresortbenidorm.com\/es\/wp-json\/wp\/v2\/pages"}],"about":[{"href":"https:\/\/marinaresortbenidorm.com\/es\/wp-json\/wp\/v2\/types\/page"}],"author":[{"embeddable":true,"href":"https:\/\/marinaresortbenidorm.com\/es\/wp-json\/wp\/v2\/users\/2"}],"replies":[{"embeddable":true,"href":"https:\/\/marinaresortbenidorm.com\/es\/wp-json\/wp\/v2\/comments?post=15240"}],"version-history":[{"count":7,"href":"https:\/\/marinaresortbenidorm.com\/es\/wp-json\/wp\/v2\/pages\/15240\/revisions"}],"predecessor-version":[{"id":16830,"href":"https:\/\/marinaresortbenidorm.com\/es\/wp-json\/wp\/v2\/pages\/15240\/revisions\/16830"}],"wp:attachment":[{"href":"https:\/\/marinaresortbenidorm.com\/es\/wp-json\/wp\/v2\/media?parent=15240"}],"curies":[{"name":"wp","href":"https:\/\/api.w.org\/{rel}","templated":true}]}}